{"id":270,"date":"2018-02-12T18:14:37","date_gmt":"2018-02-12T23:14:37","guid":{"rendered":"https:\/\/acadomia.com\/?page_id=270\/"},"modified":"2025-11-11T17:29:57","modified_gmt":"2025-11-11T22:29:57","slug":"about-acadomia","status":"publish","type":"page","link":"https:\/\/acadomia.com\/fr\/about-acadomia\/","title":{"rendered":"Qui est Acadomia ?"},"content":{"rendered":"\n<div class=\"row row-small align-equal\"  id=\"row-815079954\">\n\n\n\t<div id=\"col-2082733302\" class=\"col medium-4 small-12 large-4\"  >\n\t\t\t\t<div class=\"col-inner\"  >\n\t\t\t\n\t\t\t\n\n\n  <div class=\"banner has-hover\" id=\"banner-326644780\">\n          <div class=\"banner-inner fill\">\n        <div class=\"banner-bg fill\" >\n            <div class=\"bg fill bg-fill \"><\/div>\n                                    \n                    <\/div>\n        <div class=\"banner-layers container\">\n            <div class=\"fill banner-link\"><\/div>            \n\n   <div id=\"text-box-396225092\" class=\"text-box banner-layer x50 md-x50 lg-x50 y50 md-y50 lg-y50 res-text\">\n                                <div class=\"text-box-content text dark\">\n              \n              <div class=\"text-inner text-center\">\n                  \n\n<h3 class=\"uppercase\">Appelez-nous<\/h3>\n<h2 class=\"uppercase\"><strong>Tel:&nbsp;+1 (305) 814-0035<\/strong><\/h2>\n\n              <\/div>\n           <\/div>\n                            \n<style>\n#text-box-396225092 {\n  width: 81%;\n}\n#text-box-396225092 .text-box-content {\n  font-size: 109%;\n}\n@media (min-width:550px) {\n  #text-box-396225092 .text-box-content {\n    font-size: 91%;\n  }\n}\n<\/style>\n    <\/div>\n \n\n        <\/div>\n      <\/div>\n\n            \n<style>\n#banner-326644780 {\n  padding-top: 143px;\n  background-color: #E95406;\n}\n<\/style>\n  <\/div>\n\n\n\t<div id=\"gap-1887920430\" class=\"gap-element clearfix\" style=\"display:block; height:auto;\">\n\t\t\n<style>\n#gap-1887920430 {\n  padding-top: 30px;\n}\n<\/style>\n\t<\/div>\n\t\n\n\n  <div class=\"banner has-hover\" id=\"banner-1102093674\">\n          <div class=\"banner-inner fill\">\n        <div class=\"banner-bg fill\" >\n            <div class=\"bg fill bg-fill \"><\/div>\n                                    \n                    <\/div>\n        <div class=\"banner-layers container\">\n            <div class=\"fill banner-link\"><\/div>            \n\n   <div id=\"text-box-872374159\" class=\"text-box banner-layer x50 md-x50 lg-x50 y5 md-y5 lg-y5 res-text\">\n                                <div class=\"text-box-content text dark\">\n              \n              <div class=\"text-inner text-center\">\n                  \n\n<h3><strong>Acadomia USA<\/strong><\/h3>\n<h3 class=\"uppercase\">Partout aux etats-unis<\/h3>\n<h3>Bureaux \u00e0 Miami et Dallas<\/h3>\n\n              <\/div>\n           <\/div>\n                            \n<style>\n#text-box-872374159 {\n  width: 100%;\n}\n#text-box-872374159 .text-box-content {\n  font-size: 121%;\n}\n@media (min-width:550px) {\n  #text-box-872374159 {\n    width: 81%;\n  }\n  #text-box-872374159 .text-box-content {\n    font-size: 169%;\n  }\n}\n<\/style>\n    <\/div>\n \n\n        <\/div>\n      <\/div>\n\n            \n<style>\n#banner-1102093674 {\n  padding-top: 201px;\n}\n<\/style>\n  <\/div>\n\n\n\n\n\t\t<\/div>\n\t\t\t\t\t<\/div>\n\n\t\n\n\t<div id=\"col-1629647060\" class=\"col medium-4 small-12 large-4\"  >\n\t\t\t\t<div class=\"col-inner\"  >\n\t\t\t\n\t\t\t\n\n    <div class=\"box has-hover has-hover box-default box-text-bottom\" >\n\n                  <div class=\"box-image \" style=\"width:40%;\">\n           <div class=\"box-image-inner image-cover\" style=\"border-radius:100%;padding-top:100%;\">\n              <img loading=\"lazy\" decoding=\"async\" width=\"267\" height=\"342\" src=\"https:\/\/acadomia.com\/wp-content\/uploads\/2017\/08\/nathalieponak.jpg\" class=\"attachment-original size-original\" alt=\"nathalie ponak\" srcset=\"https:\/\/acadomia.com\/wp-content\/uploads\/2017\/08\/nathalieponak.jpg 267w, https:\/\/acadomia.com\/wp-content\/uploads\/2017\/08\/nathalieponak-234x300.jpg 234w\" sizes=\"auto, (max-width: 267px) 100vw, 267px\" \/>              <div class=\"overlay\" style=\"background-color:rgba(4, 4, 4, 0.09)\"><\/div>           <\/div>\n          <\/div>\n         \n          <div class=\"box-text text-center\" style=\"background-color:rgb(249, 249, 249);padding:30px 30px 30px 30px;\">\n                <div class=\"box-text-inner\">\n                  <h4 class=\"uppercase\">\n                    <span class=\"person-name\">NATHALIE PONAK<\/span><br\/>\n                    <span class=\"person-title is-small thin-font op-7\">\n                      Directrice Acadomia USA                    <\/span>\n                  <\/h4>\n                 <div class=\"social-icons follow-icons\" ><a href=\"mailto:nathalie.ponak@acadomia.com\" data-label=\"E-mail\" rel=\"nofollow\" class=\"icon button circle is-outline  email tooltip\" title=\"Nous envoyer un email\" aria-label=\"Nous envoyer un email\"><i class=\"icon-envelop\" ><\/i><\/a><\/div>                 \n\n<p>Forte de sa connaissance approfondie des syst\u00e8mes scolaires am\u00e9ricains et fran\u00e7ais, Nathalie Ponak a fond\u00e9 Planet College Consulting en 2012 pour accompagner les \u00e9l\u00e8ves et leurs familles dans le processus d\u2019admission aux universit\u00e9s am\u00e9ricaines et canadiennes.<br \/>\nDepuis plus de 20 ans, Nathalie a d\u00e9velopp\u00e9 une expertise dans la communication de Marque au Canada, aux Etats-Unis et en France notamment chez Publicis Conseil et au sein du Groupe La Poste o\u00f9 elle \u00e9tait en charge de la publicit\u00e9 corporate et de l\u2019identit\u00e9 visuelle. Dipl\u00f4m\u00e9e de Sup de Co Montpellier et d\u2019un MBA de la John Molson School of Business de l\u2019Universit\u00e9 Concordia \u00e0 Montr\u00e9al, Nathalie habite \u00e0 Miami depuis 2005.<\/p>\n\n                <\/div>\n          <\/div>\n    <\/div>\n\n    \n    \n\n\t\t<\/div>\n\t\t\t\t\t<\/div>\n\n\t\n\n\t<div id=\"col-610875711\" class=\"col medium-4 small-12 large-4\"  >\n\t\t\t\t<div class=\"col-inner\"  >\n\t\t\t\n\t\t\t\n\n    <div class=\"box has-hover has-hover box-default box-text-bottom\" >\n\n                  <div class=\"box-image \" style=\"width:40%;\">\n           <div class=\"box-image-inner image-cover\" style=\"border-radius:100%;padding-top:100%;\">\n              <img loading=\"lazy\" decoding=\"async\" width=\"2560\" height=\"2560\" src=\"https:\/\/acadomia.com\/wp-content\/uploads\/2018\/11\/Pascale-photo-profile-scaled.jpg\" class=\"attachment- size-\" alt=\"Pascale photo profile\" srcset=\"https:\/\/acadomia.com\/wp-content\/uploads\/2018\/11\/Pascale-photo-profile-scaled.jpg 2560w, https:\/\/acadomia.com\/wp-content\/uploads\/2018\/11\/Pascale-photo-profile-300x300.jpg 300w, https:\/\/acadomia.com\/wp-content\/uploads\/2018\/11\/Pascale-photo-profile-100x100.jpg 100w, https:\/\/acadomia.com\/wp-content\/uploads\/2018\/11\/Pascale-photo-profile-600x600.jpg 600w, https:\/\/acadomia.com\/wp-content\/uploads\/2018\/11\/Pascale-photo-profile-280x280.jpg 280w, https:\/\/acadomia.com\/wp-content\/uploads\/2018\/11\/Pascale-photo-profile-768x768.jpg 768w, https:\/\/acadomia.com\/wp-content\/uploads\/2018\/11\/Pascale-photo-profile-1024x1024.jpg 1024w\" sizes=\"auto, (max-width: 2560px) 100vw, 2560px\" \/>              <div class=\"overlay\" style=\"background-color:rgba(0, 0, 0, 0.05)\"><\/div>           <\/div>\n          <\/div>\n         \n          <div class=\"box-text text-center\" style=\"background-color:rgb(249, 249, 249);padding:30px 30px 30px 30px;\">\n                <div class=\"box-text-inner\">\n                  <h4 class=\"uppercase\">\n                    <span class=\"person-name\">Pascale Billaud<\/span><br\/>\n                    <span class=\"person-title is-small thin-font op-7\">\n                      Conseillere Pedagogique Acadomia USA                    <\/span>\n                  <\/h4>\n                 <div class=\"social-icons follow-icons\" ><a href=\"mailto:elodie.gallissot@acadomia.com\" data-label=\"E-mail\" rel=\"nofollow\" class=\"icon button circle is-outline  email tooltip\" title=\"Nous envoyer un email\" aria-label=\"Nous envoyer un email\"><i class=\"icon-envelop\" ><\/i><\/a><\/div>                 \n\n<p>Originaire de France, Pascale a un obtenu une maitrise en finance &amp; management \u00e0 l\u2019universit\u00e9 de Paris. Apr\u00e8s une exp\u00e9rience de 20 ans en entreprises, elle est arriv\u00e9e \u00e0 Miami en 2013 avec sa famille.<\/p>\n<p>Avant de rejoindre l\u2019\u00e9quipe de Acadomia Florida, elle \u00e9tait tr\u00e8s impliqu\u00e9e aupr\u00e8s d\u2019associations comme la FIPA pour promouvoir les programmes fran\u00e7ais dans les \u00e9coles&nbsp;; elle \u00e9tait membre du board dans le lyc\u00e9e de son fils, l\u2019ISPA, qui a obtenu le Label France en 2016.<\/p>\n<p>Pascale a fait beaucoup de tutoring au cours des 5 derni\u00e8res ann\u00e9es pour enseigner le Fran\u00e7ais.<\/p>\n<p>Elle aime \u00eatre au contact des enfants, des adolescents et de leur famille pour leur transmettre une culture et ses connaissances en langue.<\/p>\n\n                <\/div>\n          <\/div>\n    <\/div>\n\n    \n    \n\n\t\t<\/div>\n\t\t\t\t\t<\/div>\n\n\t\n\n\n<style>\n#row-815079954 > .col > .col-inner {\n  padding: 29px 0px 0px 0px;\n}\n<\/style>\n<\/div>\n<div class=\"row\"  id=\"row-1696861499\">\n\n\n\t<div id=\"col-815715368\" class=\"col small-12 large-12\"  >\n\t\t\t\t<div class=\"col-inner\" style=\"background-color:rgb(246, 246, 246);\" >\n\t\t\t\n\t\t\t\n\n<h3><span style=\"font-size: 100%;\">Nous proposons des cours partout aux Etats-Unis, en pr\u00e9sentiel et en virtuel! Contactez-nous!<\/span><\/h3>\n\n\t\t<\/div>\n\t\t\t\t\n<style>\n#col-815715368 > .col-inner {\n  padding: 20px 20px 20px 20px;\n}\n<\/style>\n\t<\/div>\n\n\t\n\n<\/div>\n<div class=\"row\"  id=\"row-184559556\">\n\n\n\t<div id=\"col-1931343720\" class=\"col small-12 large-12\"  >\n\t\t\t\t<div class=\"col-inner\" style=\"background-color:rgb(242, 242, 242);\" >\n\t\t\t\n\t\t\t\n\n<h1><strong>#1 du soutien scolaire<\/strong><\/h1>\n<p>Num\u00e9ro un du soutien scolaire \u00e0 domicile en France, Acadomia propose depuis 1997 des cours particuliers et des stages collectifs dans toutes les mati\u00e8res afin d&rsquo;aider les \u00e9l\u00e8ves \u00e0 optimiser leurs r\u00e9sultats \u00e0 l&rsquo;\u00e9cole. Du primaire aux \u00e9tudes sup\u00e9rieures en passant par le coll\u00e8ge et le lyc\u00e9e, les enseignants Acadomia, tous sp\u00e9cialistes dans leur domaine, proposent des cours de soutien scolaire intensifs et sur mesure, vous donnant l&rsquo;assurance de voir votre enfant faire des progr\u00e8s rapidement et b\u00e9n\u00e9ficier d\u2019une solution individualis\u00e9e, seule susceptible de d\u00e9velopper son pouvoir d\u2019apprendre. Acadomia propose \u00e9galement des cours de langues (anglais, fran\u00e7ais et espagnol) pour enfants et adultes et des cours de pr\u00e9paration au SAT et au ACT pour int\u00e9grer les universit\u00e9s am\u00e9ricaines ou canadiennes.<br \/>Nous accordons une place essentielle \u00e0 la m\u00e9thodologie, car l\u2019acquisition de savoir-faire est devenue d\u00e9terminante, par rapport \u00e0 la simple accumulation de connaissances.<\/p>\n<h2>Acadomia en chiffres<\/h2>\n<div class=\"row\"  id=\"row-2022950263\">\n\n\n\t<div id=\"col-310529734\" class=\"col medium-3 small-12 large-3\"  >\n\t\t\t\t<div class=\"col-inner\"  >\n\t\t\t\n\t\t\t\n\n\n  <div class=\"banner has-hover\" id=\"banner-628894229\">\n          <div class=\"banner-inner fill\">\n        <div class=\"banner-bg fill\" >\n            <div class=\"bg fill bg-fill \"><\/div>\n                                    \n                    <\/div>\n        <div class=\"banner-layers container\">\n            <div class=\"fill banner-link\"><\/div>            \n\n   <div id=\"text-box-317263105\" class=\"text-box banner-layer x50 md-x50 lg-x50 y50 md-y50 lg-y50 res-text\">\n                                <div class=\"text-box-content text dark\">\n              \n              <div class=\"text-inner text-center\">\n                  \n\n<h3 class=\"uppercase\"><span style=\"font-size: 130%;\"><span style=\"font-size: 180%;\">100,000<br \/><\/span>\u00e9l\u00e8ves suivis chaque ann\u00e9e<br \/><\/span><\/h3>\n\n              <\/div>\n           <\/div>\n                            \n<style>\n#text-box-317263105 {\n  width: 71%;\n}\n#text-box-317263105 .text-box-content {\n  font-size: 100%;\n}\n<\/style>\n    <\/div>\n \n\n        <\/div>\n      <\/div>\n\n            \n<style>\n#banner-628894229 {\n  padding-top: 66%;\n  background-color: rgb(233, 84, 6);\n}\n@media (min-width:550px) {\n  #banner-628894229 {\n    padding-top: 50%;\n  }\n}\n<\/style>\n  <\/div>\n\n\n\n\t\t<\/div>\n\t\t\t\t\t<\/div>\n\n\t\n\n\t<div id=\"col-269670624\" class=\"col medium-3 small-12 large-3\"  >\n\t\t\t\t<div class=\"col-inner\"  >\n\t\t\t\n\t\t\t\n\n\n  <div class=\"banner has-hover\" id=\"banner-801935681\">\n          <div class=\"banner-inner fill\">\n        <div class=\"banner-bg fill\" >\n            <div class=\"bg fill bg-fill \"><\/div>\n                                    \n                    <\/div>\n        <div class=\"banner-layers container\">\n            <div class=\"fill banner-link\"><\/div>            \n\n   <div id=\"text-box-8404520\" class=\"text-box banner-layer x50 md-x50 lg-x50 y50 md-y50 lg-y50 res-text\">\n                                <div class=\"text-box-content text dark\">\n              \n              <div class=\"text-inner text-center\">\n                  \n\n<h3 class=\"uppercase\"><span style=\"font-size: 180%;\">20,000<\/span><br \/>ENSEIGNANTS<\/h3>\n\n              <\/div>\n           <\/div>\n                            \n<style>\n#text-box-8404520 {\n  width: 100%;\n}\n#text-box-8404520 .text-box-content {\n  font-size: 129%;\n}\n<\/style>\n    <\/div>\n \n\n        <\/div>\n      <\/div>\n\n            \n<style>\n#banner-801935681 {\n  padding-top: 66%;\n}\n@media (min-width:550px) {\n  #banner-801935681 {\n    padding-top: 50%;\n  }\n}\n<\/style>\n  <\/div>\n\n\n\n\t\t<\/div>\n\t\t\t\t\t<\/div>\n\n\t\n\n\t<div id=\"col-1346319084\" class=\"col medium-3 small-12 large-3\"  >\n\t\t\t\t<div class=\"col-inner\"  >\n\t\t\t\n\t\t\t\n\n\n  <div class=\"banner has-hover\" id=\"banner-1811472447\">\n          <div class=\"banner-inner fill\">\n        <div class=\"banner-bg fill\" >\n            <div class=\"bg fill bg-fill \"><\/div>\n                                    \n                    <\/div>\n        <div class=\"banner-layers container\">\n            <div class=\"fill banner-link\"><\/div>            \n\n   <div id=\"text-box-1209146319\" class=\"text-box banner-layer x50 md-x50 lg-x50 y50 md-y50 lg-y50 res-text\">\n                                <div class=\"text-box-content text \">\n              \n              <div class=\"text-inner text-center\">\n                  \n\n<h3 class=\"uppercase\" style=\"text-align: center;\"><span style=\"font-size: 130%;\"><span style=\"font-size: 180%;\">3,000,000<br \/><\/span>d\u2019heures de cours dispens\u00e9es<br \/><\/span><\/h3>\n\n              <\/div>\n           <\/div>\n                            \n<style>\n#text-box-1209146319 {\n  width: 100%;\n}\n#text-box-1209146319 .text-box-content {\n  font-size: 100%;\n}\n<\/style>\n    <\/div>\n \n\n        <\/div>\n      <\/div>\n\n            \n<style>\n#banner-1811472447 {\n  padding-top: 66%;\n  background-color: rgb(231, 236, 238);\n}\n@media (min-width:550px) {\n  #banner-1811472447 {\n    padding-top: 50%;\n  }\n}\n<\/style>\n  <\/div>\n\n\n\n\t\t<\/div>\n\t\t\t\t\t<\/div>\n\n\t\n\n\t<div id=\"col-896509741\" class=\"col medium-3 small-12 large-3\"  >\n\t\t\t\t<div class=\"col-inner\"  >\n\t\t\t\n\t\t\t\n\n\n  <div class=\"banner has-hover\" id=\"banner-1414986139\">\n          <div class=\"banner-inner fill\">\n        <div class=\"banner-bg fill\" >\n            <div class=\"bg fill bg-fill \"><\/div>\n                                    \n                    <\/div>\n        <div class=\"banner-layers container\">\n            <div class=\"fill banner-link\"><\/div>            \n\n   <div id=\"text-box-591146957\" class=\"text-box banner-layer x50 md-x50 lg-x50 y50 md-y50 lg-y50 res-text\">\n                                <div class=\"text-box-content text dark\">\n              \n              <div class=\"text-inner text-center\">\n                  \n\n<h3 class=\"uppercase\"><span style=\"font-size: 130%;\"><span style=\"font-size: 180%;\">110<br \/><\/span>centres<br \/> <\/span><\/h3>\n\n              <\/div>\n           <\/div>\n                            \n<style>\n#text-box-591146957 {\n  width: 100%;\n}\n#text-box-591146957 .text-box-content {\n  font-size: 100%;\n}\n<\/style>\n    <\/div>\n \n\n        <\/div>\n      <\/div>\n\n            \n<style>\n#banner-1414986139 {\n  padding-top: 66%;\n  background-color: rgb(81, 81, 83);\n}\n@media (min-width:550px) {\n  #banner-1414986139 {\n    padding-top: 50%;\n  }\n}\n<\/style>\n  <\/div>\n\n\n\n\t\t<\/div>\n\t\t\t\t\t<\/div>\n\n\t\n\n<\/div>\n\n\t\t<\/div>\n\t\t\t\t\n<style>\n#col-1931343720 > .col-inner {\n  padding: 20px 20px 20px 20px;\n}\n<\/style>\n\t<\/div>\n\n\t\n\n<\/div>\n\n","protected":false},"excerpt":{"rendered":"","protected":false},"author":1,"featured_media":0,"parent":0,"menu_order":0,"comment_status":"closed","ping_status":"closed","template":"","meta":{"footnotes":""},"class_list":["post-270","page","type-page","status-publish","hentry"],"yoast_head":"<!-- This site is optimized with the Yoast SEO plugin v27.4 - https:\/\/yoast.com\/product\/yoast-seo-wordpress\/ -->\n<title>Qui est Acadomia ?<\/title>\n<meta name=\"description\" content=\"Le num\u00e9ro 1 du soutien scolaire en France est d\u00e9sormais aux Etats-Unis - Pr\u00e9paration au SAT\/ACT - Cours de langues\" \/>\n<meta name=\"robots\" content=\"index, follow, max-snippet:-1, max-image-preview:large, max-video-preview:-1\" \/>\n<link rel=\"canonical\" href=\"https:\/\/acadomia.com\/fr\/about-acadomia\/\" \/>\n<meta property=\"og:locale\" content=\"fr_FR\" \/>\n<meta property=\"og:type\" content=\"article\" \/>\n<meta property=\"og:title\" content=\"Qui est Acadomia ?\" \/>\n<meta property=\"og:description\" content=\"Le num\u00e9ro 1 du soutien scolaire en France est d\u00e9sormais aux Etats-Unis - Pr\u00e9paration au SAT\/ACT - Cours de langues\" \/>\n<meta property=\"og:url\" content=\"https:\/\/acadomia.com\/fr\/about-acadomia\/\" \/>\n<meta property=\"og:site_name\" content=\"Acadomia Tutoring\" \/>\n<meta property=\"article:publisher\" content=\"https:\/\/www.facebook.com\/acadomiaflorida\/\" \/>\n<meta property=\"article:modified_time\" content=\"2025-11-11T22:29:57+00:00\" \/>\n<meta name=\"twitter:card\" content=\"summary_large_image\" \/>\n<meta name=\"twitter:label1\" content=\"Dur\u00e9e de lecture estim\u00e9e\" \/>\n\t<meta name=\"twitter:data1\" content=\"3 minutes\" \/>\n<script type=\"application\/ld+json\" class=\"yoast-schema-graph\">{\"@context\":\"https:\\\/\\\/schema.org\",\"@graph\":[{\"@type\":\"WebPage\",\"@id\":\"https:\\\/\\\/acadomia.com\\\/fr\\\/about-acadomia\\\/\",\"url\":\"https:\\\/\\\/acadomia.com\\\/fr\\\/about-acadomia\\\/\",\"name\":\"Qui est Acadomia ?\",\"isPartOf\":{\"@id\":\"https:\\\/\\\/acadomia.com\\\/#website\"},\"datePublished\":\"2018-02-12T23:14:37+00:00\",\"dateModified\":\"2025-11-11T22:29:57+00:00\",\"description\":\"Le num\u00e9ro 1 du soutien scolaire en France est d\u00e9sormais aux Etats-Unis - Pr\u00e9paration au SAT\\\/ACT - Cours de langues\",\"breadcrumb\":{\"@id\":\"https:\\\/\\\/acadomia.com\\\/fr\\\/about-acadomia\\\/#breadcrumb\"},\"inLanguage\":\"fr-FR\",\"potentialAction\":[{\"@type\":\"ReadAction\",\"target\":[\"https:\\\/\\\/acadomia.com\\\/fr\\\/about-acadomia\\\/\"]}]},{\"@type\":\"BreadcrumbList\",\"@id\":\"https:\\\/\\\/acadomia.com\\\/fr\\\/about-acadomia\\\/#breadcrumb\",\"itemListElement\":[{\"@type\":\"ListItem\",\"position\":1,\"name\":\"Accueil\",\"item\":\"https:\\\/\\\/acadomia.com\\\/fr\\\/\"},{\"@type\":\"ListItem\",\"position\":2,\"name\":\"Qui est Acadomia ?\"}]},{\"@type\":\"WebSite\",\"@id\":\"https:\\\/\\\/acadomia.com\\\/#website\",\"url\":\"https:\\\/\\\/acadomia.com\\\/\",\"name\":\"Acadomia Tutoring\",\"description\":\"Tutoring Services K-12, Test Prep SAT, Language\",\"publisher\":{\"@id\":\"https:\\\/\\\/acadomia.com\\\/#organization\"},\"potentialAction\":[{\"@type\":\"SearchAction\",\"target\":{\"@type\":\"EntryPoint\",\"urlTemplate\":\"https:\\\/\\\/acadomia.com\\\/?s={search_term_string}\"},\"query-input\":{\"@type\":\"PropertyValueSpecification\",\"valueRequired\":true,\"valueName\":\"search_term_string\"}}],\"inLanguage\":\"fr-FR\"},{\"@type\":\"Organization\",\"@id\":\"https:\\\/\\\/acadomia.com\\\/#organization\",\"name\":\"ACADOMIA\",\"url\":\"https:\\\/\\\/acadomia.com\\\/\",\"logo\":{\"@type\":\"ImageObject\",\"inLanguage\":\"fr-FR\",\"@id\":\"https:\\\/\\\/acadomia.com\\\/#\\\/schema\\\/logo\\\/image\\\/\",\"url\":\"https:\\\/\\\/acadomia.com\\\/wp-content\\\/uploads\\\/2017\\\/08\\\/logo-acadomia.png\",\"contentUrl\":\"https:\\\/\\\/acadomia.com\\\/wp-content\\\/uploads\\\/2017\\\/08\\\/logo-acadomia.png\",\"width\":476,\"height\":83,\"caption\":\"ACADOMIA\"},\"image\":{\"@id\":\"https:\\\/\\\/acadomia.com\\\/#\\\/schema\\\/logo\\\/image\\\/\"},\"sameAs\":[\"https:\\\/\\\/www.facebook.com\\\/acadomiaflorida\\\/\"]}]}<\/script>\n<!-- \/ Yoast SEO plugin. -->","yoast_head_json":{"title":"Qui est Acadomia ?","description":"Le num\u00e9ro 1 du soutien scolaire en France est d\u00e9sormais aux Etats-Unis - Pr\u00e9paration au SAT\/ACT - Cours de langues","robots":{"index":"index","follow":"follow","max-snippet":"max-snippet:-1","max-image-preview":"max-image-preview:large","max-video-preview":"max-video-preview:-1"},"canonical":"https:\/\/acadomia.com\/fr\/about-acadomia\/","og_locale":"fr_FR","og_type":"article","og_title":"Qui est Acadomia ?","og_description":"Le num\u00e9ro 1 du soutien scolaire en France est d\u00e9sormais aux Etats-Unis - Pr\u00e9paration au SAT\/ACT - Cours de langues","og_url":"https:\/\/acadomia.com\/fr\/about-acadomia\/","og_site_name":"Acadomia Tutoring","article_publisher":"https:\/\/www.facebook.com\/acadomiaflorida\/","article_modified_time":"2025-11-11T22:29:57+00:00","twitter_card":"summary_large_image","twitter_misc":{"Dur\u00e9e de lecture estim\u00e9e":"3 minutes"},"schema":{"@context":"https:\/\/schema.org","@graph":[{"@type":"WebPage","@id":"https:\/\/acadomia.com\/fr\/about-acadomia\/","url":"https:\/\/acadomia.com\/fr\/about-acadomia\/","name":"Qui est Acadomia ?","isPartOf":{"@id":"https:\/\/acadomia.com\/#website"},"datePublished":"2018-02-12T23:14:37+00:00","dateModified":"2025-11-11T22:29:57+00:00","description":"Le num\u00e9ro 1 du soutien scolaire en France est d\u00e9sormais aux Etats-Unis - Pr\u00e9paration au SAT\/ACT - Cours de langues","breadcrumb":{"@id":"https:\/\/acadomia.com\/fr\/about-acadomia\/#breadcrumb"},"inLanguage":"fr-FR","potentialAction":[{"@type":"ReadAction","target":["https:\/\/acadomia.com\/fr\/about-acadomia\/"]}]},{"@type":"BreadcrumbList","@id":"https:\/\/acadomia.com\/fr\/about-acadomia\/#breadcrumb","itemListElement":[{"@type":"ListItem","position":1,"name":"Accueil","item":"https:\/\/acadomia.com\/fr\/"},{"@type":"ListItem","position":2,"name":"Qui est Acadomia ?"}]},{"@type":"WebSite","@id":"https:\/\/acadomia.com\/#website","url":"https:\/\/acadomia.com\/","name":"Acadomia Tutoring","description":"Tutoring Services K-12, Test Prep SAT, Language","publisher":{"@id":"https:\/\/acadomia.com\/#organization"},"potentialAction":[{"@type":"SearchAction","target":{"@type":"EntryPoint","urlTemplate":"https:\/\/acadomia.com\/?s={search_term_string}"},"query-input":{"@type":"PropertyValueSpecification","valueRequired":true,"valueName":"search_term_string"}}],"inLanguage":"fr-FR"},{"@type":"Organization","@id":"https:\/\/acadomia.com\/#organization","name":"ACADOMIA","url":"https:\/\/acadomia.com\/","logo":{"@type":"ImageObject","inLanguage":"fr-FR","@id":"https:\/\/acadomia.com\/#\/schema\/logo\/image\/","url":"https:\/\/acadomia.com\/wp-content\/uploads\/2017\/08\/logo-acadomia.png","contentUrl":"https:\/\/acadomia.com\/wp-content\/uploads\/2017\/08\/logo-acadomia.png","width":476,"height":83,"caption":"ACADOMIA"},"image":{"@id":"https:\/\/acadomia.com\/#\/schema\/logo\/image\/"},"sameAs":["https:\/\/www.facebook.com\/acadomiaflorida\/"]}]}},"_links":{"self":[{"href":"https:\/\/acadomia.com\/fr\/wp-json\/wp\/v2\/pages\/270","targetHints":{"allow":["GET"]}}],"collection":[{"href":"https:\/\/acadomia.com\/fr\/wp-json\/wp\/v2\/pages"}],"about":[{"href":"https:\/\/acadomia.com\/fr\/wp-json\/wp\/v2\/types\/page"}],"author":[{"embeddable":true,"href":"https:\/\/acadomia.com\/fr\/wp-json\/wp\/v2\/users\/1"}],"replies":[{"embeddable":true,"href":"https:\/\/acadomia.com\/fr\/wp-json\/wp\/v2\/comments?post=270"}],"version-history":[{"count":15,"href":"https:\/\/acadomia.com\/fr\/wp-json\/wp\/v2\/pages\/270\/revisions"}],"predecessor-version":[{"id":3352,"href":"https:\/\/acadomia.com\/fr\/wp-json\/wp\/v2\/pages\/270\/revisions\/3352"}],"wp:attachment":[{"href":"https:\/\/acadomia.com\/fr\/wp-json\/wp\/v2\/media?parent=270"}],"curies":[{"name":"wp","href":"https:\/\/api.w.org\/{rel}","templated":true}]}}