{"id":531,"date":"2018-04-09T17:33:02","date_gmt":"2018-04-09T21:33:02","guid":{"rendered":"https:\/\/acadomia.com\/?page_id=531\/"},"modified":"2022-06-08T11:58:52","modified_gmt":"2022-06-08T15:58:52","slug":"acadomia-live","status":"publish","type":"page","link":"https:\/\/acadomia.com\/fr\/acadomia-live\/","title":{"rendered":"Acadomia Live"},"content":{"rendered":"\n<div class=\"row\"  id=\"row-245829528\">\n\n\t<div id=\"col-1011693221\" class=\"col small-12 large-12\"  >\n\t\t\t\t<div class=\"col-inner\"  >\n\t\t\t\n\t\t\t\n  <div class=\"banner-grid-wrapper\">\n  <div id=\"banner-grid-967481259\" class=\"banner-grid row row-grid row-small\" data-packery-options=\"\">\n                      \n<div class=\"col grid-col small-14 large-5 grid-col-2-3\" ><div class=\"col-inner\">\n\n  <div class=\"banner has-hover\" id=\"banner-401149638\">\n          <div class=\"banner-inner fill\">\n        <div class=\"banner-bg fill\" >\n            <div class=\"bg fill bg-fill \"><\/div>\n                                    \n                    <\/div>\n        <div class=\"banner-layers container\">\n            <div class=\"fill banner-link\"><\/div>            \n   <div id=\"text-box-1842880699\" class=\"text-box banner-layer x50 md-x50 lg-x50 y80 md-y50 lg-y50 res-text\">\n                                <div class=\"text-box-content text dark\">\n              \n              <div class=\"text-inner text-center\">\n                  \n<h1 class=\"uppercase\">ACADOMIA LIVE<\/h1>\n<h4 class=\"uppercase\">SPECIAL R\u00c9VISIONS<\/h4>\n<h2 class=\"uppercase\"><span style=\"font-size: 160%;\">DES COURS PARTICULIERS<br \/> PAR WEBCAM<br \/> <\/span><br \/> TOUS NIVEAUX<br \/> FORFAIT 8h<\/h2>\n<h2 class=\"uppercase\"><br \/> REVISIONS<br \/> BAC ET BREVET<\/h2>\n              <\/div>\n           <\/div>\n                            \n<style>\n#text-box-1842880699 {\n  width: 94%;\n}\n#text-box-1842880699 .text-box-content {\n  font-size: 66%;\n}\n@media (min-width:550px) {\n  #text-box-1842880699 {\n    width: 94%;\n  }\n  #text-box-1842880699 .text-box-content {\n    font-size: 91%;\n  }\n}\n@media (min-width:850px) {\n  #text-box-1842880699 {\n    width: 91%;\n  }\n  #text-box-1842880699 .text-box-content {\n    font-size: 100%;\n  }\n}\n<\/style>\n    <\/div>\n \n        <\/div>\n      <\/div>\n\n              <div class=\"height-fix is-invisible\"><\/div>\n            \n<style>\n#banner-401149638 {\n  background-color: #6F93C7;\n}\n<\/style>\n  <\/div>\n\n\n<\/div><\/div>\n<div class=\"col grid-col small-15 large-7 grid-col-1\" ><div class=\"col-inner\">\n\n  <div class=\"banner has-hover\" id=\"banner-339258645\">\n          <div class=\"banner-inner fill\">\n        <div class=\"banner-bg fill\" >\n            <div class=\"bg fill bg-fill \"><\/div>\n                                    \n\t<div class=\"is-border\"\n\t\tstyle=\"border-width:2px 2px 2px 2;\">\n\t<\/div>\n                    <\/div>\n        <div class=\"banner-layers container\">\n            <div class=\"fill banner-link\"><\/div>            \n   <div id=\"text-box-792108621\" class=\"text-box banner-layer x50 md-x50 lg-x50 y50 md-y50 lg-y50 res-text\">\n                                <div class=\"text-box-content text \">\n              \n              <div class=\"text-inner text-left\">\n                  \n<h5>D\u00e9couvrez nos solutions personnalis\u00e9es en prenant contact avec un conseiller p\u00e9dagogique :<!-- Begin MailChimp Signup Form --><\/h5>\n<style type=\"text\/css\">#mc_embed_signup{background:; clear:left; font:14px ; }\/* Add your own MailChimp form style overrides in your site stylesheet or in this style block.We recommend moving this block and the preceding CSS link to the HEAD of your HTML file. *\/<br \/>\n<\/style>\n<div id=\"mc_embed_signup\">\n<form id=\"mc-embedded-subscribe-form\" class=\"validate\" action=\"https:\/\/acadomia.us17.list-manage.com\/subscribe\/post?u=83e95792d1ecf1edeca72d1df&amp;id=c8badb132d\" method=\"post\" name=\"mc-embedded-subscribe-form\" novalidate=\"\" target=\"_blank\">\n<div id=\"mc_embed_signup_scroll\">\n<div class=\"mc-field-group\"><label for=\"mce-EMAIL\">Email*<br \/>\n<\/label><br \/>\n<input id=\"mce-EMAIL\" class=\"required email\" name=\"EMAIL\" type=\"email\" value=\"\" style=\"margin-top:-20px\" \/><\/div>\n<div class=\"mc-field-group\"><label for=\"mce-FNAME\">Pr\u00e9nom*<br \/>\n<\/label><br \/>\n<input id=\"mce-FNAME\" class=\"required\" name=\"FNAME\" type=\"text\" value=\"\" style=\"margin-top:-20px\" \/><\/div>\n<div class=\"mc-field-group\"><label for=\"mce-NAME\">Nom*<\/label><br \/>\n<input id=\"mce-NAME\" class=\"required\" name=\"NAME\" type=\"text\" value=\"\" style=\"margin-top:-20px\" \/><\/div>\n<div class=\"mc-field-group size1of2\"><label for=\"mce-MMERGE6\">Num\u00e9ro de T\u00e9l\u00e9phone*<br \/>\n<\/label><br \/>\n<input id=\"mce-MMERGE6\" class=\"required\" name=\"MMERGE6\" type=\"text\" value=\"\" style=\"margin-top:-20px\" \/><\/div>\n<div class=\"mc-field-group\"><label for=\"mce-MMERGE10\">Vos besoins en quelques mots ? <\/label><br \/>\n<textarea id=\"mce-MMERGE10\" class=\"\" name=\"MMERGE10\" type=\"text\" value=\"\" style=\"margin-top:-20px\" \/><\/textarea><\/div>\n<div id=\"mce-responses\" class=\"clear\">\n<div id=\"mce-error-response\" class=\"response\" style=\"display: none;\"><\/div>\n<div id=\"mce-success-response\" class=\"response\" style=\"display: none;\"><\/div>\n<\/div>\n<p><!-- real people should not fill this in and expect good things - do not remove this or risk form bot signups--><\/p>\n<div style=\"position: absolute; left: -5000px;\" aria-hidden=\"true\"><input tabindex=\"-1\" name=\"b_83e95792d1ecf1edeca72d1df_c8badb132d\" type=\"text\" value=\"\" \/><\/div>\n<div class=\"clear\"><input id=\"mc-embedded-subscribe\" class=\"button\" name=\"subscribe\" type=\"submit\" value=\"Valider\" \/><\/div>\n<\/div>\n<div class=\"indicates-required\" style=\"font-size:0.8em; padding-top:20px\"><span class=\"asterisk\">*<\/span> champs obligatoires<\/div>\n<\/form>\n<\/div>\n<p><!--End mc_embed_signup--><\/p>\n              <\/div>\n           <\/div>\n                            \n<style>\n#text-box-792108621 {\n  width: 87%;\n}\n#text-box-792108621 .text-box-content {\n  font-size: 142%;\n}\n@media (min-width:850px) {\n  #text-box-792108621 {\n    width: 76%;\n  }\n}\n<\/style>\n    <\/div>\n \n        <\/div>\n      <\/div>\n\n            \n<style>\n#banner-339258645 {\n  padding-top: 500px;\n  background-color: rgb(244, 244, 244);\n}\n<\/style>\n  <\/div>\n\n\n<\/div><\/div>\n<div class=\"col grid-col small-14 large-5 grid-col-1-3\" ><div class=\"col-inner\">\n\n  <div class=\"banner has-hover\" id=\"banner-1045273658\">\n          <div class=\"banner-inner fill\">\n        <div class=\"banner-bg fill\" >\n            <div class=\"bg fill bg-fill \"><\/div>\n                                    \n                    <\/div>\n        <div class=\"banner-layers container\">\n            <div class=\"fill banner-link\"><\/div>            \n   <div id=\"text-box-1268635150\" class=\"text-box banner-layer x90 md-x90 lg-x90 y50 md-y50 lg-y50 res-text\">\n                                <div class=\"text-box-content text dark\">\n              \n              <div class=\"text-inner text-center\">\n                  \n<h3 class=\"uppercase\"><strong><span style=\"font-size: 140%;\">cours individuels<\/span><\/strong><\/h3>\n<h3 class=\"uppercase\"><strong><span style=\"font-size: 140%;\">$319<\/span><\/strong>\u00a0PAR Etudiant<\/h3>\n<p>&#8212;&#8212;&#8212;&#8212;<\/p>\n<h3 class=\"uppercase\"><strong><span style=\"font-size: 140%;\">cours semi-priv\u00e9s<\/span><\/strong><\/h3>\n<h3 class=\"uppercase\">(2\/3 \u00c9TUDIANTS)<\/h3>\n<h3 class=\"uppercase\"><strong><span style=\"font-size: 140%;\">$199<\/span><\/strong>\u00a0par \u00e9tudiant<\/h3>\n              <\/div>\n           <\/div>\n                            \n<style>\n#text-box-1268635150 {\n  width: 94%;\n}\n#text-box-1268635150 .text-box-content {\n  font-size: 66%;\n}\n@media (min-width:550px) {\n  #text-box-1268635150 {\n    width: 94%;\n  }\n  #text-box-1268635150 .text-box-content {\n    font-size: 91%;\n  }\n}\n@media (min-width:850px) {\n  #text-box-1268635150 {\n    width: 79%;\n  }\n  #text-box-1268635150 .text-box-content {\n    font-size: 100%;\n  }\n}\n<\/style>\n    <\/div>\n \n        <\/div>\n      <\/div>\n\n            \n<style>\n#banner-1045273658 {\n  padding-top: 450px;\n  background-color: #E95406;\n}\n@media (min-width:550px) {\n  #banner-1045273658 {\n    padding-top: 500px;\n  }\n}\n@media (min-width:850px) {\n  #banner-1045273658 {\n    padding-top: 600px;\n  }\n}\n<\/style>\n  <\/div>\n\n\n<\/div><\/div>\n            <\/div>\n    <style>\n    #banner-grid-967481259 .grid-col-1{height: 794px}\n    #banner-grid-967481259 .grid-col-1-2{height: 397px}\n    #banner-grid-967481259 .grid-col-1-3{height:264.66666666667px}\n    #banner-grid-967481259 .grid-col-2-3{height: 529.33333333333px}\n    #banner-grid-967481259 .grid-col-1-4{height: 198.5px}\n    #banner-grid-967481259 .grid-col-3-4{height: 595.5px}\n\n\n    \n    \n\n  <\/style>\n    <\/div>\n  \n\t\t<\/div>\n\t\t\t\t\t<\/div>\n\n\t\n<\/div>\n  <div class=\"banner-grid-wrapper\">\n  <div id=\"banner-grid-1074507984\" class=\"banner-grid row row-grid row-small\" data-packery-options=\"\">\n            <style>\n    #banner-grid-1074507984 .grid-col-1{height: 600px}\n    #banner-grid-1074507984 .grid-col-1-2{height: 300px}\n    #banner-grid-1074507984 .grid-col-1-3{height:200px}\n    #banner-grid-1074507984 .grid-col-2-3{height: 400px}\n    #banner-grid-1074507984 .grid-col-1-4{height: 150px}\n    #banner-grid-1074507984 .grid-col-3-4{height: 450px}\n\n\n        \/* Tablet *\/\n    @media (max-width: 850px){\n      #banner-grid-1074507984 .grid-col-1{height: 400px}\n      #banner-grid-1074507984 .grid-col-1-2{height: 200px}\n      #banner-grid-1074507984 .grid-col-1-3{height:133.33333333333px}\n      #banner-grid-1074507984 .grid-col-2-3{height: 266.66666666667px}\n      #banner-grid-1074507984 .grid-col-1-4{height: 100px}\n      #banner-grid-1074507984 .grid-col-3-4{height: 300px}\n    }\n    \n        \/* Mobile *\/\n    @media (max-width: 550px){\n      #banner-grid-1074507984 .grid-col-1{height: 400px}\n      #banner-grid-1074507984 .grid-col-1-2{height: 200px}\n      #banner-grid-1074507984 .grid-col-1-3{height:133.33333333333px}\n      #banner-grid-1074507984 .grid-col-2-3{height: 266.66666666667px}\n      #banner-grid-1074507984 .grid-col-1-4{height: 100px}\n      #banner-grid-1074507984 .grid-col-3-4{height: 300px}\n    }\n    \n\n  <\/style>\n    <\/div>\n    <style>\n    #banner-grid-1074507984 .grid-col-1{height: 600px}\n    #banner-grid-1074507984 .grid-col-1-2{height: 300px}\n    #banner-grid-1074507984 .grid-col-1-3{height:200px}\n    #banner-grid-1074507984 .grid-col-2-3{height: 400px}\n    #banner-grid-1074507984 .grid-col-1-4{height: 150px}\n    #banner-grid-1074507984 .grid-col-3-4{height: 450px}\n\n\n    \n    \n\n  <\/style>\n    <\/div>\n  \n\n  <div class=\"banner has-hover\" id=\"banner-1417309951\">\n          <div class=\"banner-inner fill\">\n        <div class=\"banner-bg fill\" >\n            <div class=\"bg fill bg-fill \"><\/div>\n                        <div class=\"overlay\"><\/div>            \n                    <\/div>\n        <div class=\"banner-layers container\">\n            <div class=\"fill banner-link\"><\/div>            \n   <div id=\"text-box-1760013632\" class=\"text-box banner-layer x50 md-x95 lg-x95 y80 md-y50 lg-y50 res-text\">\n                                <div class=\"text-box-content text dark\">\n              \n              <div class=\"text-inner text-right\">\n                  \n<h3 class=\"uppercase\" style=\"text-align: right;\"><strong>EN SAVOIR + SUR<br \/>\nles<\/strong><strong>\u00a0revisionS AVEC<br \/>\nacadomia live<\/strong><\/h3>\n<a rel=\"noopener noreferrer\" href=\"https:\/\/acadomia.com\/fr\/soutien-scolaire-et-revision-du-bac-par-webcam\/\" target=\"_blank\" class=\"button secondary\"  >\n    <span>cLIQUEZ ICI<\/span>\n  <\/a>\n\n              <\/div>\n           <\/div>\n                            \n<style>\n#text-box-1760013632 {\n  width: 88%;\n}\n#text-box-1760013632 .text-box-content {\n  font-size: 85%;\n}\n@media (min-width:550px) {\n  #text-box-1760013632 {\n    width: 73%;\n  }\n  #text-box-1760013632 .text-box-content {\n    font-size: 100%;\n  }\n}\n@media (min-width:850px) {\n  #text-box-1760013632 {\n    width: 46%;\n  }\n}\n<\/style>\n    <\/div>\n \n        <\/div>\n      <\/div>\n\n            \n<style>\n#banner-1417309951 {\n  padding-top: 320px;\n}\n#banner-1417309951 .bg.bg-loaded {\n  background-image: url(https:\/\/acadomia.com\/wp-content\/uploads\/2018\/04\/83563475_m-1024x754.jpg);\n}\n#banner-1417309951 .overlay {\n  background-color: rgba(69, 69, 69, 0.5);\n}\n@media (min-width:550px) {\n  #banner-1417309951 {\n    padding-top: 66%;\n  }\n}\n<\/style>\n  <\/div>\n\n\n","protected":false},"excerpt":{"rendered":"","protected":false},"author":2,"featured_media":0,"parent":0,"menu_order":0,"comment_status":"closed","ping_status":"closed","template":"","meta":{"footnotes":""},"class_list":["post-531","page","type-page","status-publish","hentry"],"yoast_head":"<!-- This site is optimized with the Yoast SEO plugin v27.3 - https:\/\/yoast.com\/product\/yoast-seo-wordpress\/ -->\n<title>Acadomia Live - Acadomia Tutoring<\/title>\n<meta name=\"description\" content=\"Acadomia Live - French Tutoring Services - Des Cours Particuliers Par WebcamAcadomia Tutoring\" \/>\n<meta name=\"robots\" content=\"index, follow, max-snippet:-1, max-image-preview:large, max-video-preview:-1\" \/>\n<link rel=\"canonical\" href=\"https:\/\/acadomia.com\/fr\/acadomia-live\/\" \/>\n<meta property=\"og:locale\" content=\"fr_FR\" \/>\n<meta property=\"og:type\" content=\"article\" \/>\n<meta property=\"og:title\" content=\"Acadomia Live - Acadomia Tutoring\" \/>\n<meta property=\"og:description\" content=\"Acadomia Live - French Tutoring Services - Des Cours Particuliers Par WebcamAcadomia Tutoring\" \/>\n<meta property=\"og:url\" content=\"https:\/\/acadomia.com\/fr\/acadomia-live\/\" \/>\n<meta property=\"og:site_name\" content=\"Acadomia Tutoring\" \/>\n<meta property=\"article:publisher\" content=\"https:\/\/www.facebook.com\/acadomiaflorida\/\" \/>\n<meta property=\"article:modified_time\" content=\"2022-06-08T15:58:52+00:00\" \/>\n<meta name=\"twitter:card\" content=\"summary_large_image\" \/>\n<meta name=\"twitter:label1\" content=\"Dur\u00e9e de lecture estim\u00e9e\" \/>\n\t<meta name=\"twitter:data1\" content=\"1 minute\" \/>\n<script type=\"application\/ld+json\" class=\"yoast-schema-graph\">{\"@context\":\"https:\\\/\\\/schema.org\",\"@graph\":[{\"@type\":\"WebPage\",\"@id\":\"https:\\\/\\\/acadomia.com\\\/fr\\\/acadomia-live\\\/\",\"url\":\"https:\\\/\\\/acadomia.com\\\/fr\\\/acadomia-live\\\/\",\"name\":\"Acadomia Live - Acadomia Tutoring\",\"isPartOf\":{\"@id\":\"https:\\\/\\\/acadomia.com\\\/#website\"},\"datePublished\":\"2018-04-09T21:33:02+00:00\",\"dateModified\":\"2022-06-08T15:58:52+00:00\",\"description\":\"Acadomia Live - French Tutoring Services - Des Cours Particuliers Par WebcamAcadomia Tutoring\",\"breadcrumb\":{\"@id\":\"https:\\\/\\\/acadomia.com\\\/fr\\\/acadomia-live\\\/#breadcrumb\"},\"inLanguage\":\"fr-FR\",\"potentialAction\":[{\"@type\":\"ReadAction\",\"target\":[\"https:\\\/\\\/acadomia.com\\\/fr\\\/acadomia-live\\\/\"]}]},{\"@type\":\"BreadcrumbList\",\"@id\":\"https:\\\/\\\/acadomia.com\\\/fr\\\/acadomia-live\\\/#breadcrumb\",\"itemListElement\":[{\"@type\":\"ListItem\",\"position\":1,\"name\":\"Accueil\",\"item\":\"https:\\\/\\\/acadomia.com\\\/fr\\\/\"},{\"@type\":\"ListItem\",\"position\":2,\"name\":\"Acadomia Live\"}]},{\"@type\":\"WebSite\",\"@id\":\"https:\\\/\\\/acadomia.com\\\/#website\",\"url\":\"https:\\\/\\\/acadomia.com\\\/\",\"name\":\"Acadomia Tutoring\",\"description\":\"Tutoring Services K-12, Test Prep SAT, Language\",\"publisher\":{\"@id\":\"https:\\\/\\\/acadomia.com\\\/#organization\"},\"potentialAction\":[{\"@type\":\"SearchAction\",\"target\":{\"@type\":\"EntryPoint\",\"urlTemplate\":\"https:\\\/\\\/acadomia.com\\\/?s={search_term_string}\"},\"query-input\":{\"@type\":\"PropertyValueSpecification\",\"valueRequired\":true,\"valueName\":\"search_term_string\"}}],\"inLanguage\":\"fr-FR\"},{\"@type\":\"Organization\",\"@id\":\"https:\\\/\\\/acadomia.com\\\/#organization\",\"name\":\"ACADOMIA\",\"url\":\"https:\\\/\\\/acadomia.com\\\/\",\"logo\":{\"@type\":\"ImageObject\",\"inLanguage\":\"fr-FR\",\"@id\":\"https:\\\/\\\/acadomia.com\\\/#\\\/schema\\\/logo\\\/image\\\/\",\"url\":\"https:\\\/\\\/acadomia.com\\\/wp-content\\\/uploads\\\/2017\\\/08\\\/logo-acadomia.png\",\"contentUrl\":\"https:\\\/\\\/acadomia.com\\\/wp-content\\\/uploads\\\/2017\\\/08\\\/logo-acadomia.png\",\"width\":476,\"height\":83,\"caption\":\"ACADOMIA\"},\"image\":{\"@id\":\"https:\\\/\\\/acadomia.com\\\/#\\\/schema\\\/logo\\\/image\\\/\"},\"sameAs\":[\"https:\\\/\\\/www.facebook.com\\\/acadomiaflorida\\\/\"]}]}<\/script>\n<!-- \/ Yoast SEO plugin. -->","yoast_head_json":{"title":"Acadomia Live - Acadomia Tutoring","description":"Acadomia Live - French Tutoring Services - Des Cours Particuliers Par WebcamAcadomia Tutoring","robots":{"index":"index","follow":"follow","max-snippet":"max-snippet:-1","max-image-preview":"max-image-preview:large","max-video-preview":"max-video-preview:-1"},"canonical":"https:\/\/acadomia.com\/fr\/acadomia-live\/","og_locale":"fr_FR","og_type":"article","og_title":"Acadomia Live - Acadomia Tutoring","og_description":"Acadomia Live - French Tutoring Services - Des Cours Particuliers Par WebcamAcadomia Tutoring","og_url":"https:\/\/acadomia.com\/fr\/acadomia-live\/","og_site_name":"Acadomia Tutoring","article_publisher":"https:\/\/www.facebook.com\/acadomiaflorida\/","article_modified_time":"2022-06-08T15:58:52+00:00","twitter_card":"summary_large_image","twitter_misc":{"Dur\u00e9e de lecture estim\u00e9e":"1 minute"},"schema":{"@context":"https:\/\/schema.org","@graph":[{"@type":"WebPage","@id":"https:\/\/acadomia.com\/fr\/acadomia-live\/","url":"https:\/\/acadomia.com\/fr\/acadomia-live\/","name":"Acadomia Live - Acadomia Tutoring","isPartOf":{"@id":"https:\/\/acadomia.com\/#website"},"datePublished":"2018-04-09T21:33:02+00:00","dateModified":"2022-06-08T15:58:52+00:00","description":"Acadomia Live - French Tutoring Services - Des Cours Particuliers Par WebcamAcadomia Tutoring","breadcrumb":{"@id":"https:\/\/acadomia.com\/fr\/acadomia-live\/#breadcrumb"},"inLanguage":"fr-FR","potentialAction":[{"@type":"ReadAction","target":["https:\/\/acadomia.com\/fr\/acadomia-live\/"]}]},{"@type":"BreadcrumbList","@id":"https:\/\/acadomia.com\/fr\/acadomia-live\/#breadcrumb","itemListElement":[{"@type":"ListItem","position":1,"name":"Accueil","item":"https:\/\/acadomia.com\/fr\/"},{"@type":"ListItem","position":2,"name":"Acadomia Live"}]},{"@type":"WebSite","@id":"https:\/\/acadomia.com\/#website","url":"https:\/\/acadomia.com\/","name":"Acadomia Tutoring","description":"Tutoring Services K-12, Test Prep SAT, Language","publisher":{"@id":"https:\/\/acadomia.com\/#organization"},"potentialAction":[{"@type":"SearchAction","target":{"@type":"EntryPoint","urlTemplate":"https:\/\/acadomia.com\/?s={search_term_string}"},"query-input":{"@type":"PropertyValueSpecification","valueRequired":true,"valueName":"search_term_string"}}],"inLanguage":"fr-FR"},{"@type":"Organization","@id":"https:\/\/acadomia.com\/#organization","name":"ACADOMIA","url":"https:\/\/acadomia.com\/","logo":{"@type":"ImageObject","inLanguage":"fr-FR","@id":"https:\/\/acadomia.com\/#\/schema\/logo\/image\/","url":"https:\/\/acadomia.com\/wp-content\/uploads\/2017\/08\/logo-acadomia.png","contentUrl":"https:\/\/acadomia.com\/wp-content\/uploads\/2017\/08\/logo-acadomia.png","width":476,"height":83,"caption":"ACADOMIA"},"image":{"@id":"https:\/\/acadomia.com\/#\/schema\/logo\/image\/"},"sameAs":["https:\/\/www.facebook.com\/acadomiaflorida\/"]}]}},"_links":{"self":[{"href":"https:\/\/acadomia.com\/fr\/wp-json\/wp\/v2\/pages\/531","targetHints":{"allow":["GET"]}}],"collection":[{"href":"https:\/\/acadomia.com\/fr\/wp-json\/wp\/v2\/pages"}],"about":[{"href":"https:\/\/acadomia.com\/fr\/wp-json\/wp\/v2\/types\/page"}],"author":[{"embeddable":true,"href":"https:\/\/acadomia.com\/fr\/wp-json\/wp\/v2\/users\/2"}],"replies":[{"embeddable":true,"href":"https:\/\/acadomia.com\/fr\/wp-json\/wp\/v2\/comments?post=531"}],"version-history":[{"count":1,"href":"https:\/\/acadomia.com\/fr\/wp-json\/wp\/v2\/pages\/531\/revisions"}],"predecessor-version":[{"id":2512,"href":"https:\/\/acadomia.com\/fr\/wp-json\/wp\/v2\/pages\/531\/revisions\/2512"}],"wp:attachment":[{"href":"https:\/\/acadomia.com\/fr\/wp-json\/wp\/v2\/media?parent=531"}],"curies":[{"name":"wp","href":"https:\/\/api.w.org\/{rel}","templated":true}]}}